{"id":2,"date":"2011-01-07T20:07:02","date_gmt":"2011-01-07T22:07:02","guid":{"rendered":"http:\/\/vidaolivro.com\/?page_id=2"},"modified":"2011-01-20T00:43:46","modified_gmt":"2011-01-20T02:43:46","slug":"sobre","status":"publish","type":"page","link":"https:\/\/georgemarques.com.br\/vida\/sobre\/","title":{"rendered":"Sobre"},"content":{"rendered":"<h3 style=\"text-align: justify;\">&#8220;Ei, afinal isso \u00e9 um blog ou \u00e9 um livro?&#8221;<\/h3>\n<p style=\"text-align: justify;\">Na verdade, \u00e9 tanto um livro quanto um blog. Pode parecer estranho, mas n\u00e3o \u00e9 o primeiro caso de que ou\u00e7o falar.<\/p>\n<p style=\"text-align: justify;\">Sempre quis escrever um livro. Quando era crian\u00e7a, eu sonhava em ser escritor. Cheguei a come\u00e7ar alguns, mas nunca terminei. N\u00e3o sei o que me faltou; paci\u00eancia, motiva\u00e7\u00e3o. Talvez tenha sido por pregui\u00e7a mesmo.<\/p>\n<p style=\"text-align: justify;\">De qualquer forma, ainda tenho essa vontade. E a\u00ed comecei a escrever mais um. \u00c9 um projeto razoavelmente complexo, mas eu queria conclu\u00ed-lo. Descobri que comecei a escrever a hist\u00f3ria pela parte mais chata e resolvi deixar de lado e come\u00e7ar de novo, pulando a parte chata.<\/p>\n<p style=\"text-align: justify;\">Mas nesse meio tempo, revirando uns backups antigos, encontrei uma ideia perdida que senti vontade de explorar. Escrevi algumas p\u00e1ginas e n\u00e3o ficou exatamente do jeito que eu esperava, ent\u00e3o pensei em deixar de lado. Entretanto, acredito que treinar seja uma boa coisa, da\u00ed resolvi escrever s\u00f3 para mim mesmo e ver no que vai dar.<\/p>\n<p style=\"text-align: justify;\">Escrever um livro para ningu\u00e9m ler n\u00e3o faz muito sentido, ent\u00e3o quis publicar (eu e minhas ant\u00edteses). Mas at\u00e9 eu termin\u00e1-lo ainda iria demorar muito, muito tempo. Da\u00ed que me veio a ideia: vou publicar em um blog.<\/p>\n<p style=\"text-align: justify;\">\u00c9 o suporte ideal para minha inten\u00e7\u00e3o, pois posso publicar enquanto ainda estou escrevendo e recebo opini\u00f5es constantes, para poder melhorar continuamente. Isso me ajudar\u00e1 em outros projetos futuros.<\/p>\n<h3 style=\"text-align: justify;\">&#8220;Mas esse livro vai virar papel?&#8221;<\/h3>\n<p style=\"text-align: justify;\">Isso \u00e9 algo que n\u00e3o sei responder. Tenho vontade de faz\u00ea-lo, mas depende da repercuss\u00e3o do blog e de alguns outros fatores. S\u00f3 o tempo dir\u00e1.<\/p>\n<p style=\"text-align: justify;\"><strong>Um ponto importante:<\/strong> antes de voc\u00ea come\u00e7ar a leitura, queira ler as <a title=\"Considera\u00e7\u00f5es Iniciais\" href=\"http:\/\/vidaolivro.com\/?p=13\" target=\"_self\">considera\u00e7\u00f5es iniciais<\/a>. Mesmo que j\u00e1 tenha come\u00e7ado, acho interessante que d\u00ea uma olhada, isso pode mudar sua linha de pensamento e lhe fazer gostar de algo que n\u00e3o gostou.<\/p>\n<p style=\"text-align: justify;\">N\u00e3o tenho muito (mais) o que dizer sobre esse livro-blog, ent\u00e3o obrigado por sua visita e aprecie a leitura!<\/p>\n","protected":false},"excerpt":{"rendered":"<p>&#8220;Ei, afinal isso \u00e9 um blog ou \u00e9 um livro?&#8221; Na verdade, \u00e9 tanto um livro quanto um blog. Pode parecer estranho, mas n\u00e3o \u00e9 o primeiro caso de que ou\u00e7o falar. Sempre quis escrever um livro. Quando era crian\u00e7a, eu sonhava em ser escritor. Cheguei a come\u00e7ar alguns, mas nunca terminei. N\u00e3o sei o [&hellip;]<\/p>\n","protected":false},"author":1,"featured_media":0,"parent":0,"menu_order":1,"comment_status":"open","ping_status":"closed","template":"","meta":{"spay_email":""},"jetpack_shortlink":"https:\/\/wp.me\/P3br6G-2","jetpack_sharing_enabled":true,"_links":{"self":[{"href":"https:\/\/georgemarques.com.br\/vida\/wp-json\/wp\/v2\/pages\/2"}],"collection":[{"href":"https:\/\/georgemarques.com.br\/vida\/wp-json\/wp\/v2\/pages"}],"about":[{"href":"https:\/\/georgemarques.com.br\/vida\/wp-json\/wp\/v2\/types\/page"}],"author":[{"embeddable":true,"href":"https:\/\/georgemarques.com.br\/vida\/wp-json\/wp\/v2\/users\/1"}],"replies":[{"embeddable":true,"href":"https:\/\/georgemarques.com.br\/vida\/wp-json\/wp\/v2\/comments?post=2"}],"version-history":[{"count":10,"href":"https:\/\/georgemarques.com.br\/vida\/wp-json\/wp\/v2\/pages\/2\/revisions"}],"predecessor-version":[{"id":189,"href":"https:\/\/georgemarques.com.br\/vida\/wp-json\/wp\/v2\/pages\/2\/revisions\/189"}],"wp:attachment":[{"href":"https:\/\/georgemarques.com.br\/vida\/wp-json\/wp\/v2\/media?parent=2"}],"curies":[{"name":"wp","href":"https:\/\/api.w.org\/{rel}","templated":true}]}}